{"id":11,"date":"2019-01-30T15:36:11","date_gmt":"2019-01-30T15:36:11","guid":{"rendered":"http:\/\/localhost:8888\/skyla\/?page_id=11"},"modified":"2022-03-16T17:00:03","modified_gmt":"2022-03-16T17:00:03","slug":"contact","status":"publish","type":"page","link":"https:\/\/natipharma.com\/sq\/contact\/","title":{"rendered":"Kontakt"},"content":{"rendered":"<p>[vc_row full_width=&#8221;stretch_row&#8221; css=&#8221;.vc_custom_1593186263534{margin-bottom: 30px !important;padding-top: 125px !important;padding-bottom: 160px !important;background-image: url(https:\/\/natipharma.com\/wp-content\/uploads\/2020\/06\/natipharma-google-maps.png?id=689) !important;background-position: 0 0 !important;background-repeat: no-repeat !important;}&#8221; el_class=&#8221;wpb_row_background-center-top&#8221;][vc_column width=&#8221;1\/4&#8243;][\/vc_column][vc_column width=&#8221;1\/2&#8243;][vc_row_inner css=&#8221;.vc_custom_1550590277081{background-color: #ffffff !important;}&#8221;][vc_column_inner][vc_custom_heading text=&#8221;KONTAKT&#8221; font_container=&#8221;tag:h3|font_size:48|text_align:center&#8221; use_theme_fonts=&#8221;yes&#8221; el_class=&#8221;font-weight-300 letter-spacing-1&#8243;][vc_custom_heading text=&#8221;<i>&#8216;Farmacia jon\u00eb p\u00ebrmban t\u00eb gjitha medikamentet p\u00ebr trajtime t\u00eb ndryshme sh\u00ebndet\u00ebsore. I pajisur me laborator k\u00ebrkimor dhe prodhues p\u00ebr p\u00ebrgatesa galenike t\u00eb testuara dhe \u00e7ertifikuara.&#8217;<\/i>&#8221; font_container=&#8221;tag:p|font_size:18|text_align:center&#8221; use_theme_fonts=&#8221;yes&#8221; css=&#8221;.vc_custom_1601888824298{margin-bottom: 40px !important;}&#8221;][vc_column_text]<\/p>\n<p style=\"text-align: center;\">Rruga Vllaz\u00ebn Huta, Tiran\u00eb<br \/>\n<a href=\"mailto:info@natipharma.com\">info@natipharma.com<\/a><\/p>\n<p>[\/vc_column_text][\/vc_column_inner][\/vc_row_inner][\/vc_column][vc_column width=&#8221;1\/4&#8243;][\/vc_column][\/vc_row][vc_row][vc_column]<div class=\"skyla-es-border skyla-es-border-1289505652 vc_custom_1550826029290\"><\/div><style scoped>.skyla-es-border-1289505652.skyla-es-border{background-image: -webkit-gradient( linear, left top, right top, color-stop(33%, ), color-stop(0, hsla(0,0%,100%, 0)) );background-image: linear-gradient(90deg,  33%, hsla(0,0%,100%,0) 0)}<\/style>[\/vc_column][\/vc_row][vc_row css=&#8221;.vc_custom_1550570204648{background-image: url(http:\/\/themes.wclassic.net\/skyla\/wp-content\/uploads\/2019-import\/02\/title-bg.png?id=275) !important;background-position: 0 0 !important;background-repeat: no-repeat !important;}&#8221; el_class=&#8221;wpb_row_background-center-top&#8221;][vc_column width=&#8221;1\/6&#8243;][\/vc_column][vc_column width=&#8221;2\/3&#8243;][vc_custom_heading text=&#8221;Na kontaktoni&#8221; font_container=&#8221;tag:h3|font_size:36|text_align:center&#8221; use_theme_fonts=&#8221;yes&#8221;][vc_custom_heading text=&#8221;<i>Detaje dhe vendndodhja<\/i>&#8221; font_container=&#8221;tag:p|font_size:18|text_align:center|color:%236da84a&#8221; use_theme_fonts=&#8221;yes&#8221; css=&#8221;.vc_custom_1593013972984{margin-bottom: 30px !important;}&#8221;][\/vc_column][vc_column width=&#8221;1\/6&#8243;][\/vc_column][\/vc_row][vc_row gap=&#8221;35&#8243; css=&#8221;.vc_custom_1550674609691{margin-bottom: 65px !important;}&#8221;][vc_column width=&#8221;1\/2&#8243;][vc_custom_heading text=&#8221;Porosi dhe transport&#8221; font_container=&#8221;tag:h4|text_align:left&#8221;][vc_column_text]Email: <a href=\"mailto:info@natipharma.com\">info@natipharma.com<\/a>[\/vc_column_text][vc_custom_heading text=&#8221;Media sociale&#8221; font_container=&#8221;tag:h4|text_align:left&#8221;][vc_column_text]Facebook: <a href=\"https:\/\/www.facebook.com\/Nati-Pharma-871338922956842\/\">Nati Pharma<\/a><\/p>\n<p>Instagram: <a href=\"https:\/\/www.instagram.com\/natipharma\/?hl=en\">Nati.Pharma<\/a>[\/vc_column_text][vc_custom_heading text=&#8221;Adresa&#8221; font_container=&#8221;tag:h4|text_align:left&#8221;][vc_column_text]Nati Pharma, Rruga Vllaz\u00ebn Huta, Tirana[\/vc_column_text][\/vc_column][vc_column width=&#8221;1\/2&#8243;]\n<div class=\"wpcf7 no-js\" id=\"wpcf7-f18-o1\" lang=\"en-US\" dir=\"ltr\" data-wpcf7-id=\"18\">\n<div class=\"screen-reader-response\"><p role=\"status\" aria-live=\"polite\" aria-atomic=\"true\"><\/p> <ul><\/ul><\/div>\n<form action=\"\/sq\/wp-json\/wp\/v2\/pages\/11#wpcf7-f18-o1\" method=\"post\" class=\"wpcf7-form init\" aria-label=\"Contact form\" novalidate=\"novalidate\" data-status=\"init\">\n<fieldset class=\"hidden-fields-container\"><input type=\"hidden\" name=\"_wpcf7\" value=\"18\" \/><input type=\"hidden\" name=\"_wpcf7_version\" value=\"6.1.4\" \/><input type=\"hidden\" name=\"_wpcf7_locale\" value=\"en_US\" \/><input type=\"hidden\" name=\"_wpcf7_unit_tag\" value=\"wpcf7-f18-o1\" \/><input type=\"hidden\" name=\"_wpcf7_container_post\" value=\"0\" \/><input type=\"hidden\" name=\"_wpcf7_posted_data_hash\" value=\"\" \/><input type=\"hidden\" name=\"lang\" value=\"sq\" \/><input type=\"hidden\" name=\"_wpcf7_recaptcha_response\" value=\"\" \/>\n<\/fieldset>\n<div class=\"wpisset-grid\">\n\t<div class=\"wpisset-medium-1-2\">\n\t\t<p><label> Your Name (required)<br \/>\n<span class=\"wpcf7-form-control-wrap\" data-name=\"your-name\"><input size=\"40\" maxlength=\"400\" class=\"wpcf7-form-control wpcf7-text wpcf7-validates-as-required\" aria-required=\"true\" aria-invalid=\"false\" value=\"\" type=\"text\" name=\"your-name\" \/><\/span> <\/label>\n\t\t<\/p>\n\t<\/div>\n\t<div class=\"wpisset-medium-1-2\">\n\t\t<p><label> Your Email (required)<br \/>\n<span class=\"wpcf7-form-control-wrap\" data-name=\"your-email\"><input size=\"40\" maxlength=\"400\" class=\"wpcf7-form-control wpcf7-email wpcf7-validates-as-required wpcf7-text wpcf7-validates-as-email\" aria-required=\"true\" aria-invalid=\"false\" value=\"\" type=\"email\" name=\"your-email\" \/><\/span> <\/label>\n\t\t<\/p>\n\t<\/div>\n\t<p><label> Your Message<br \/>\n<span class=\"wpcf7-form-control-wrap\" data-name=\"your-message\"><textarea cols=\"40\" rows=\"10\" maxlength=\"2000\" class=\"wpcf7-form-control wpcf7-textarea\" aria-invalid=\"false\" name=\"your-message\"><\/textarea><\/span> <\/label>\n\t<\/p>\n\t<p><input class=\"wpcf7-form-control wpcf7-submit has-spinner\" type=\"submit\" value=\"Send Message\" \/>\n\t<\/p>\n<\/div><div class=\"wpcf7-response-output\" aria-hidden=\"true\"><\/div>\n<\/form>\n<\/div>\n[\/vc_column][\/vc_row]<\/p>\n","protected":false},"excerpt":{"rendered":"<p>[vc_row full_width=&#8221;stretch_row&#8221; css=&#8221;.vc_custom_1593186263534{margin-bottom: 30px !important;padding-top: 125px !important;padding-bottom: 160px !important;background-image: url(https:\/\/natipharma.com\/wp-content\/uploads\/2020\/06\/natipharma-google-maps.png?id=689) !important;background-position: 0 0 !important;background-repeat: no-repeat !important;}&#8221; el_class=&#8221;wpb_row_background-center-top&#8221;][vc_column width=&#8221;1\/4&#8243;][\/vc_column][vc_column width=&#8221;1\/2&#8243;][vc_row_inner css=&#8221;.vc_custom_1550590277081{background-color: #ffffff !important;}&#8221;][vc_column_inner][vc_custom_heading text=&#8221;KONTAKT&#8221; font_container=&#8221;tag:h3|font_size:48|text_align:center&#8221; use_theme_fonts=&#8221;yes&#8221; el_class=&#8221;font-weight-300 letter-spacing-1&#8243;][vc_custom_heading text=&#8221;&#8216;Farmacia jon\u00eb p\u00ebrmban t\u00eb gjitha medikamentet p\u00ebr trajtime t\u00eb ndryshme sh\u00ebndet\u00ebsore. I pajisur me laborator k\u00ebrkimor dhe prodhues p\u00ebr p\u00ebrgatesa galenike t\u00eb testuara dhe \u00e7ertifikuara.&#8217;&#8221; font_container=&#8221;tag:p|font_size:18|text_align:center&#8221; use_theme_fonts=&#8221;yes&#8221; css=&#8221;.vc_custom_1601888824298{margin-bottom: [&hellip;]<\/p>\n","protected":false},"author":1,"featured_media":0,"parent":0,"menu_order":0,"comment_status":"closed","ping_status":"closed","template":"","meta":{"footnotes":""},"class_list":["post-11","page","type-page","status-publish","hentry","wpisset-post"],"_links":{"self":[{"href":"https:\/\/natipharma.com\/sq\/wp-json\/wp\/v2\/pages\/11","targetHints":{"allow":["GET"]}}],"collection":[{"href":"https:\/\/natipharma.com\/sq\/wp-json\/wp\/v2\/pages"}],"about":[{"href":"https:\/\/natipharma.com\/sq\/wp-json\/wp\/v2\/types\/page"}],"author":[{"embeddable":true,"href":"https:\/\/natipharma.com\/sq\/wp-json\/wp\/v2\/users\/1"}],"replies":[{"embeddable":true,"href":"https:\/\/natipharma.com\/sq\/wp-json\/wp\/v2\/comments?post=11"}],"version-history":[{"count":21,"href":"https:\/\/natipharma.com\/sq\/wp-json\/wp\/v2\/pages\/11\/revisions"}],"predecessor-version":[{"id":1629,"href":"https:\/\/natipharma.com\/sq\/wp-json\/wp\/v2\/pages\/11\/revisions\/1629"}],"wp:attachment":[{"href":"https:\/\/natipharma.com\/sq\/wp-json\/wp\/v2\/media?parent=11"}],"curies":[{"name":"wp","href":"https:\/\/api.w.org\/{rel}","templated":true}]}}