{"id":1617,"date":"2022-03-16T16:32:30","date_gmt":"2022-03-16T16:32:30","guid":{"rendered":"https:\/\/natipharma.com\/?page_id=1617"},"modified":"2023-09-22T20:17:47","modified_gmt":"2023-09-22T20:17:47","slug":"register","status":"publish","type":"page","link":"https:\/\/natipharma.com\/sq\/register\/","title":{"rendered":"Rezervoni nj\u00eb orar me dietologun"},"content":{"rendered":"<p>[vc_row css=&#8221;.vc_custom_1550570204648{background-image: url(http:\/\/themes.wclassic.net\/skyla\/wp-content\/uploads\/2019-import\/02\/title-bg.png?id=275) !important;background-position: 0 0 !important;background-repeat: no-repeat !important;}&#8221; el_class=&#8221;wpb_row_background-center-top&#8221;][vc_column width=&#8221;1\/6&#8243;][\/vc_column][vc_column width=&#8221;2\/3&#8243;][vc_custom_heading text=&#8221;Regjistrohuni p\u00ebr t\u00eb skeduluar takimin tuaj.&#8221; font_container=&#8221;tag:h3|font_size:36|text_align:center&#8221; use_theme_fonts=&#8221;yes&#8221;][vc_custom_heading text=&#8221;<em>Konsultohuni me nutricionistin ton\u00eb falas<\/em>&#8221; font_container=&#8221;tag:p|font_size:18|text_align:center|color:%236da84a&#8221; use_theme_fonts=&#8221;yes&#8221; css=&#8221;.vc_custom_1647449177492{margin-bottom: 30px !important;}&#8221;][\/vc_column][vc_column width=&#8221;1\/6&#8243;][\/vc_column][\/vc_row][vc_row gap=&#8221;35&#8243; css=&#8221;.vc_custom_1550674609691{margin-bottom: 65px !important;}&#8221;][vc_column width=&#8221;1\/2&#8243;][vc_empty_space height=&#8221;60px&#8221;][vc_column_text]\ud83e\udd14Sa dieta ke mbajtur pa rezultat? A e di cili \u00ebsht\u00eb shkaku?\u2063<br \/>\n\u2705pesh\u00ebn t\u00ebnde reale; \u2063<br \/>\n\u2705gjendjen e dhjamit, l\u00ebngjeve dhe muskujve n\u00eb trup;\u2063<br \/>\n\u2705mosh\u00ebn metabolike.\u2063<br \/>\n\u2026dhe k\u00ebshillohu #falas me nutricionisten ton\u00eb p\u00ebr \u00e7far\u00eb mund t\u00eb b\u00ebni m\u00eb mir\u00eb n\u00eb diet\u00ebn tuaj t\u00eb p\u00ebrditshme.\u2063<br \/>\n\u2063<br \/>\nJu Mir\u00ebpresim!\u2063[\/vc_column_text][\/vc_column][vc_column width=&#8221;1\/2&#8243;]\n<div class=\"wpcf7 no-js\" id=\"wpcf7-f1614-o1\" lang=\"en-US\" dir=\"ltr\" data-wpcf7-id=\"1614\">\n<div class=\"screen-reader-response\"><p role=\"status\" aria-live=\"polite\" aria-atomic=\"true\"><\/p> <ul><\/ul><\/div>\n<form action=\"\/sq\/wp-json\/wp\/v2\/pages\/1617#wpcf7-f1614-o1\" method=\"post\" class=\"wpcf7-form init\" aria-label=\"Contact form\" novalidate=\"novalidate\" data-status=\"init\">\n<fieldset class=\"hidden-fields-container\"><input type=\"hidden\" name=\"_wpcf7\" value=\"1614\" \/><input type=\"hidden\" name=\"_wpcf7_version\" value=\"6.1.4\" \/><input type=\"hidden\" name=\"_wpcf7_locale\" value=\"en_US\" \/><input type=\"hidden\" name=\"_wpcf7_unit_tag\" value=\"wpcf7-f1614-o1\" \/><input type=\"hidden\" name=\"_wpcf7_container_post\" value=\"0\" \/><input type=\"hidden\" name=\"_wpcf7_posted_data_hash\" value=\"\" \/><input type=\"hidden\" name=\"lang\" value=\"sq\" \/><input type=\"hidden\" name=\"_wpcf7_recaptcha_response\" value=\"\" \/>\n<\/fieldset>\n<div class=\"wpisset-grid\">\n\t<div class=\"wpisset-medium-1-2\">\n\t\t<p><label> Emri (e detyrueshme)<br \/>\n<span class=\"wpcf7-form-control-wrap\" data-name=\"your-name\"><input size=\"40\" maxlength=\"400\" class=\"wpcf7-form-control wpcf7-text wpcf7-validates-as-required\" aria-required=\"true\" aria-invalid=\"false\" value=\"\" type=\"text\" name=\"your-name\" \/><\/span> <\/label>\n\t\t<\/p>\n\t<\/div>\n\t<div class=\"wpisset-medium-1-2\">\n\t\t<p><label> Numri telefonit (e detyrueshme)<br \/>\n<span class=\"wpcf7-form-control-wrap\" data-name=\"text-844\"><input size=\"40\" maxlength=\"400\" class=\"wpcf7-form-control wpcf7-text wpcf7-validates-as-required\" aria-required=\"true\" aria-invalid=\"false\" value=\"\" type=\"text\" name=\"text-844\" \/><\/span> <\/label>\n\t\t<\/p>\n\t<\/div>\n\t<p><label> Orari i preferuar<br \/>\n<span class=\"wpcf7-form-control-wrap\" data-name=\"your-message\"><textarea cols=\"40\" rows=\"10\" maxlength=\"2000\" class=\"wpcf7-form-control wpcf7-textarea\" aria-invalid=\"false\" name=\"your-message\"><\/textarea><\/span> <\/label>\n\t<\/p>\n\t<p><input class=\"wpcf7-form-control wpcf7-submit has-spinner\" type=\"submit\" value=\"D\u00ebrgo mesazhin\" \/>\n\t<\/p>\n<\/div><div class=\"wpcf7-response-output\" aria-hidden=\"true\"><\/div>\n<\/form>\n<\/div>\n[\/vc_column][\/vc_row]<\/p>\n","protected":false},"excerpt":{"rendered":"<p>[vc_row css=&#8221;.vc_custom_1550570204648{background-image: url(http:\/\/themes.wclassic.net\/skyla\/wp-content\/uploads\/2019-import\/02\/title-bg.png?id=275) !important;background-position: 0 0 !important;background-repeat: no-repeat !important;}&#8221; el_class=&#8221;wpb_row_background-center-top&#8221;][vc_column width=&#8221;1\/6&#8243;][\/vc_column][vc_column width=&#8221;2\/3&#8243;][vc_custom_heading text=&#8221;Regjistrohuni p\u00ebr t\u00eb skeduluar takimin tuaj.&#8221; font_container=&#8221;tag:h3|font_size:36|text_align:center&#8221; use_theme_fonts=&#8221;yes&#8221;][vc_custom_heading text=&#8221;Konsultohuni me nutricionistin ton\u00eb falas&#8221; font_container=&#8221;tag:p|font_size:18|text_align:center|color:%236da84a&#8221; use_theme_fonts=&#8221;yes&#8221; css=&#8221;.vc_custom_1647449177492{margin-bottom: 30px !important;}&#8221;][\/vc_column][vc_column width=&#8221;1\/6&#8243;][\/vc_column][\/vc_row][vc_row gap=&#8221;35&#8243; css=&#8221;.vc_custom_1550674609691{margin-bottom: 65px !important;}&#8221;][vc_column width=&#8221;1\/2&#8243;][vc_empty_space height=&#8221;60px&#8221;][vc_column_text]\ud83e\udd14Sa dieta ke mbajtur pa rezultat? A e di cili \u00ebsht\u00eb shkaku?\u2063 \u2705pesh\u00ebn t\u00ebnde reale; \u2063 \u2705gjendjen e dhjamit, [&hellip;]<\/p>\n","protected":false},"author":1,"featured_media":0,"parent":0,"menu_order":0,"comment_status":"closed","ping_status":"closed","template":"","meta":{"footnotes":""},"class_list":["post-1617","page","type-page","status-publish","hentry","wpisset-post"],"_links":{"self":[{"href":"https:\/\/natipharma.com\/sq\/wp-json\/wp\/v2\/pages\/1617","targetHints":{"allow":["GET"]}}],"collection":[{"href":"https:\/\/natipharma.com\/sq\/wp-json\/wp\/v2\/pages"}],"about":[{"href":"https:\/\/natipharma.com\/sq\/wp-json\/wp\/v2\/types\/page"}],"author":[{"embeddable":true,"href":"https:\/\/natipharma.com\/sq\/wp-json\/wp\/v2\/users\/1"}],"replies":[{"embeddable":true,"href":"https:\/\/natipharma.com\/sq\/wp-json\/wp\/v2\/comments?post=1617"}],"version-history":[{"count":11,"href":"https:\/\/natipharma.com\/sq\/wp-json\/wp\/v2\/pages\/1617\/revisions"}],"predecessor-version":[{"id":1788,"href":"https:\/\/natipharma.com\/sq\/wp-json\/wp\/v2\/pages\/1617\/revisions\/1788"}],"wp:attachment":[{"href":"https:\/\/natipharma.com\/sq\/wp-json\/wp\/v2\/media?parent=1617"}],"curies":[{"name":"wp","href":"https:\/\/api.w.org\/{rel}","templated":true}]}}