{"id":478,"date":"2019-02-22T14:34:36","date_gmt":"2019-02-22T14:34:36","guid":{"rendered":"http:\/\/localhost:8888\/skyla\/?page_id=478"},"modified":"2019-02-22T14:34:36","modified_gmt":"2019-02-22T14:34:36","slug":"portfolio-masonry-4-col","status":"publish","type":"page","link":"https:\/\/natipharma.com\/sq\/portfolio-masonry-4-col\/","title":{"rendered":"Portfolio Masonry &#8211; 4 Col"},"content":{"rendered":"<p>[vc_row full_width=&#8221;stretch_row&#8221; css=&#8221;.vc_custom_1550844697123{margin-bottom: 25px !important;padding-top: 125px !important;padding-bottom: 140px !important;background-image: url(http:\/\/themes.wclassic.net\/skyla\/wp-content\/uploads\/2019-import\/02\/shutterstock_752392786-1.jpg?id=461) !important;background-position: center !important;background-repeat: no-repeat !important;background-size: cover !important;}&#8221;][vc_column][vc_custom_heading source=&#8221;post_title&#8221; font_container=&#8221;tag:h1|font_size:60|text_align:center|color:%23ffffff&#8221; use_theme_fonts=&#8221;yes&#8221; el_class=&#8221;font-weight-400&#8243;][\/vc_column][\/vc_row][vc_row full_width=&#8221;stretch_row_content_no_spaces&#8221;][vc_column]<div class=\"skyla-es-portfolio skyla-es-portfolio-img-ratio-4x3 skyla-es-portfolio-spacing-hide skyla-es-portfolio-4-columns skyla-es-portfolio-1939780696\"><ul id=\"filters\"><li><a class=\"selected\" href=\"#\" data-filter=\"*\">All<\/a><\/li><li><a href=\"#\" class=\"post-category-trajtimi-i-akneve\" alt=\"Trajtimi Akneve\" data-filter=\".trajtimi-i-akneve\">Trajtimi Akneve<\/a><\/li> <li><a href=\"#\" class=\"post-category-trajtimi-i-flokeve\" alt=\"Trajtimi Flok\u00ebve\" data-filter=\".trajtimi-i-flokeve\">Trajtimi Flok\u00ebve<\/a><\/li> <li><a href=\"#\" class=\"post-category-trajtimi-i-patologjive-te-lekures\" alt=\"Trajtimi i Patologjive t\u00eb L\u00ebkur\u00ebs\" data-filter=\".trajtimi-i-patologjive-te-lekures\">Trajtimi i Patologjive t\u00eb L\u00ebkur\u00ebs<\/a><\/li> <li><a href=\"#\" class=\"post-category-trajtimi-striave\" alt=\"Trajtimi i Striave\" data-filter=\".trajtimi-striave\">Trajtimi i Striave<\/a><\/li><\/ul><div class=\"grid-1939780696\"><div class=\"gutter-sizer\"><\/div><div class=\"skyla-es-portfolio-post grid-item trajtimi-i-akneve\"><a href=\"https:\/\/natipharma.com\/sq\/portfolio\/akne-100\/\" class=\"skyla-es-portfolio-img\"><img loading=\"lazy\" decoding=\"async\" width=\"1024\" height=\"630\" src=\"https:\/\/natipharma.com\/wp-content\/uploads\/2020\/06\/slider_100-.jpg\" class=\"attachment-full size-full wp-post-image\" alt=\"slider_100\" srcset=\"https:\/\/natipharma.com\/wp-content\/uploads\/2020\/06\/slider_100-.jpg 1024w, https:\/\/natipharma.com\/wp-content\/uploads\/2020\/06\/slider_100--300x185.jpg 300w, https:\/\/natipharma.com\/wp-content\/uploads\/2020\/06\/slider_100--600x369.jpg 600w, https:\/\/natipharma.com\/wp-content\/uploads\/2020\/06\/slider_100--768x473.jpg 768w\" sizes=\"auto, (max-width: 1024px) 100vw, 1024px\" \/><div class=\"skyla-es-portfolio-btn\"><span class=\"skyla-es-portfolio-btn-text\">View More<\/span><\/div><\/a><\/div><div class=\"skyla-es-portfolio-post grid-item trajtimi-i-akneve\"><a href=\"https:\/\/natipharma.com\/sq\/portfolio\/akne-98\/\" class=\"skyla-es-portfolio-img\"><img loading=\"lazy\" decoding=\"async\" width=\"1024\" height=\"630\" src=\"https:\/\/natipharma.com\/wp-content\/uploads\/2020\/06\/slider_98-.jpg\" class=\"attachment-full size-full wp-post-image\" alt=\"slider_98\" srcset=\"https:\/\/natipharma.com\/wp-content\/uploads\/2020\/06\/slider_98-.jpg 1024w, https:\/\/natipharma.com\/wp-content\/uploads\/2020\/06\/slider_98--300x185.jpg 300w, https:\/\/natipharma.com\/wp-content\/uploads\/2020\/06\/slider_98--600x369.jpg 600w, https:\/\/natipharma.com\/wp-content\/uploads\/2020\/06\/slider_98--768x473.jpg 768w\" sizes=\"auto, (max-width: 1024px) 100vw, 1024px\" \/><div class=\"skyla-es-portfolio-btn\"><span class=\"skyla-es-portfolio-btn-text\">View More<\/span><\/div><\/a><\/div><div class=\"skyla-es-portfolio-post grid-item trajtimi-i-akneve\"><a href=\"https:\/\/natipharma.com\/sq\/portfolio\/akne-99\/\" class=\"skyla-es-portfolio-img\"><img loading=\"lazy\" decoding=\"async\" width=\"1024\" height=\"630\" src=\"https:\/\/natipharma.com\/wp-content\/uploads\/2020\/06\/slider_99-.jpg\" class=\"attachment-full size-full wp-post-image\" alt=\"slider_99\" srcset=\"https:\/\/natipharma.com\/wp-content\/uploads\/2020\/06\/slider_99-.jpg 1024w, https:\/\/natipharma.com\/wp-content\/uploads\/2020\/06\/slider_99--300x185.jpg 300w, https:\/\/natipharma.com\/wp-content\/uploads\/2020\/06\/slider_99--600x369.jpg 600w, https:\/\/natipharma.com\/wp-content\/uploads\/2020\/06\/slider_99--768x473.jpg 768w\" sizes=\"auto, (max-width: 1024px) 100vw, 1024px\" \/><div class=\"skyla-es-portfolio-btn\"><span class=\"skyla-es-portfolio-btn-text\">View More<\/span><\/div><\/a><\/div><div class=\"skyla-es-portfolio-post grid-item trajtimi-i-akneve\"><a href=\"https:\/\/natipharma.com\/sq\/portfolio\/akne-97\/\" class=\"skyla-es-portfolio-img\"><img loading=\"lazy\" decoding=\"async\" width=\"1024\" height=\"630\" src=\"https:\/\/natipharma.com\/wp-content\/uploads\/2020\/06\/slider_97-.jpg\" class=\"attachment-full size-full wp-post-image\" alt=\"slider_97\" srcset=\"https:\/\/natipharma.com\/wp-content\/uploads\/2020\/06\/slider_97-.jpg 1024w, https:\/\/natipharma.com\/wp-content\/uploads\/2020\/06\/slider_97--300x185.jpg 300w, https:\/\/natipharma.com\/wp-content\/uploads\/2020\/06\/slider_97--600x369.jpg 600w, https:\/\/natipharma.com\/wp-content\/uploads\/2020\/06\/slider_97--768x473.jpg 768w\" sizes=\"auto, (max-width: 1024px) 100vw, 1024px\" \/><div class=\"skyla-es-portfolio-btn\"><span class=\"skyla-es-portfolio-btn-text\">View More<\/span><\/div><\/a><\/div><div class=\"skyla-es-portfolio-post grid-item trajtimi-i-akneve\"><a href=\"https:\/\/natipharma.com\/sq\/portfolio\/akne-96\/\" class=\"skyla-es-portfolio-img\"><img loading=\"lazy\" decoding=\"async\" width=\"1024\" height=\"630\" src=\"https:\/\/natipharma.com\/wp-content\/uploads\/2020\/06\/slider_96-.jpg\" class=\"attachment-full size-full wp-post-image\" alt=\"slider_96\" srcset=\"https:\/\/natipharma.com\/wp-content\/uploads\/2020\/06\/slider_96-.jpg 1024w, https:\/\/natipharma.com\/wp-content\/uploads\/2020\/06\/slider_96--300x185.jpg 300w, https:\/\/natipharma.com\/wp-content\/uploads\/2020\/06\/slider_96--600x369.jpg 600w, https:\/\/natipharma.com\/wp-content\/uploads\/2020\/06\/slider_96--768x473.jpg 768w\" sizes=\"auto, (max-width: 1024px) 100vw, 1024px\" \/><div class=\"skyla-es-portfolio-btn\"><span class=\"skyla-es-portfolio-btn-text\">View More<\/span><\/div><\/a><\/div><div class=\"skyla-es-portfolio-post grid-item trajtimi-i-patologjive-te-lekures\"><a href=\"https:\/\/natipharma.com\/sq\/portfolio\/myk-95\/\" class=\"skyla-es-portfolio-img\"><img loading=\"lazy\" decoding=\"async\" width=\"1024\" height=\"630\" src=\"https:\/\/natipharma.com\/wp-content\/uploads\/2020\/06\/slider_95-.jpg\" class=\"attachment-full size-full wp-post-image\" alt=\"slider_95\" srcset=\"https:\/\/natipharma.com\/wp-content\/uploads\/2020\/06\/slider_95-.jpg 1024w, https:\/\/natipharma.com\/wp-content\/uploads\/2020\/06\/slider_95--300x185.jpg 300w, https:\/\/natipharma.com\/wp-content\/uploads\/2020\/06\/slider_95--600x369.jpg 600w, https:\/\/natipharma.com\/wp-content\/uploads\/2020\/06\/slider_95--768x473.jpg 768w\" sizes=\"auto, (max-width: 1024px) 100vw, 1024px\" \/><div class=\"skyla-es-portfolio-btn\"><span class=\"skyla-es-portfolio-btn-text\">View More<\/span><\/div><\/a><\/div><div class=\"skyla-es-portfolio-post grid-item trajtimi-i-akneve\"><a href=\"https:\/\/natipharma.com\/sq\/portfolio\/akne-94\/\" class=\"skyla-es-portfolio-img\"><img loading=\"lazy\" decoding=\"async\" width=\"1024\" height=\"630\" src=\"https:\/\/natipharma.com\/wp-content\/uploads\/2020\/06\/slider_94-.jpg\" class=\"attachment-full size-full wp-post-image\" alt=\"slider_94\" srcset=\"https:\/\/natipharma.com\/wp-content\/uploads\/2020\/06\/slider_94-.jpg 1024w, https:\/\/natipharma.com\/wp-content\/uploads\/2020\/06\/slider_94--300x185.jpg 300w, https:\/\/natipharma.com\/wp-content\/uploads\/2020\/06\/slider_94--600x369.jpg 600w, https:\/\/natipharma.com\/wp-content\/uploads\/2020\/06\/slider_94--768x473.jpg 768w\" sizes=\"auto, (max-width: 1024px) 100vw, 1024px\" \/><div class=\"skyla-es-portfolio-btn\"><span class=\"skyla-es-portfolio-btn-text\">View More<\/span><\/div><\/a><\/div><div class=\"skyla-es-portfolio-post grid-item trajtimi-i-akneve\"><a href=\"https:\/\/natipharma.com\/sq\/portfolio\/akne-93\/\" class=\"skyla-es-portfolio-img\"><img loading=\"lazy\" decoding=\"async\" width=\"1024\" height=\"630\" src=\"https:\/\/natipharma.com\/wp-content\/uploads\/2020\/06\/slider_93-.jpg\" class=\"attachment-full size-full wp-post-image\" alt=\"slider_93\" srcset=\"https:\/\/natipharma.com\/wp-content\/uploads\/2020\/06\/slider_93-.jpg 1024w, https:\/\/natipharma.com\/wp-content\/uploads\/2020\/06\/slider_93--300x185.jpg 300w, https:\/\/natipharma.com\/wp-content\/uploads\/2020\/06\/slider_93--600x369.jpg 600w, https:\/\/natipharma.com\/wp-content\/uploads\/2020\/06\/slider_93--768x473.jpg 768w\" sizes=\"auto, (max-width: 1024px) 100vw, 1024px\" \/><div class=\"skyla-es-portfolio-btn\"><span class=\"skyla-es-portfolio-btn-text\">View More<\/span><\/div><\/a><\/div><\/div>\t<\/div><style scoped><\/style>[\/vc_column][\/vc_row]<\/p>\n","protected":false},"excerpt":{"rendered":"<p>[vc_row full_width=&#8221;stretch_row&#8221; css=&#8221;.vc_custom_1550844697123{margin-bottom: 25px !important;padding-top: 125px !important;padding-bottom: 140px !important;background-image: url(http:\/\/themes.wclassic.net\/skyla\/wp-content\/uploads\/2019-import\/02\/shutterstock_752392786-1.jpg?id=461) !important;background-position: center !important;background-repeat: no-repeat !important;background-size: cover !important;}&#8221;][vc_column][vc_custom_heading source=&#8221;post_title&#8221; font_container=&#8221;tag:h1|font_size:60|text_align:center|color:%23ffffff&#8221; use_theme_fonts=&#8221;yes&#8221; el_class=&#8221;font-weight-400&#8243;][\/vc_column][\/vc_row][vc_row full_width=&#8221;stretch_row_content_no_spaces&#8221;][vc_column][\/vc_column][\/vc_row]<\/p>\n","protected":false},"author":1,"featured_media":0,"parent":0,"menu_order":0,"comment_status":"closed","ping_status":"closed","template":"","meta":{"footnotes":""},"class_list":["post-478","page","type-page","status-publish","hentry","wpisset-post","wpisset-post-featured"],"_links":{"self":[{"href":"https:\/\/natipharma.com\/sq\/wp-json\/wp\/v2\/pages\/478","targetHints":{"allow":["GET"]}}],"collection":[{"href":"https:\/\/natipharma.com\/sq\/wp-json\/wp\/v2\/pages"}],"about":[{"href":"https:\/\/natipharma.com\/sq\/wp-json\/wp\/v2\/types\/page"}],"author":[{"embeddable":true,"href":"https:\/\/natipharma.com\/sq\/wp-json\/wp\/v2\/users\/1"}],"replies":[{"embeddable":true,"href":"https:\/\/natipharma.com\/sq\/wp-json\/wp\/v2\/comments?post=478"}],"version-history":[{"count":0,"href":"https:\/\/natipharma.com\/sq\/wp-json\/wp\/v2\/pages\/478\/revisions"}],"wp:attachment":[{"href":"https:\/\/natipharma.com\/sq\/wp-json\/wp\/v2\/media?parent=478"}],"curies":[{"name":"wp","href":"https:\/\/api.w.org\/{rel}","templated":true}]}}