{"id":674,"date":"2019-01-30T15:35:50","date_gmt":"2019-01-30T15:35:50","guid":{"rendered":"http:\/\/localhost:8888\/skyla\/?page_id=9"},"modified":"2024-03-19T20:12:33","modified_gmt":"2024-03-19T20:12:33","slug":"about-us","status":"publish","type":"page","link":"https:\/\/natipharma.com\/sq\/about-us\/","title":{"rendered":"Rreth nesh"},"content":{"rendered":"<p>[vc_row full_width=&#8221;stretch_row&#8221; css=&#8221;.vc_custom_1708372071429{margin-bottom: 30px !important;padding-top: 125px !important;padding-bottom: 160px !important;background-position: center !important;background-repeat: no-repeat !important;background-size: cover !important;}&#8221;][vc_column width=&#8221;1\/4&#8243; offset=&#8221;vc_col-lg-4&#8243;][\/vc_column][vc_column width=&#8221;1\/4&#8243; offset=&#8221;vc_col-lg-4&#8243;][vc_row_inner css=&#8221;.vc_custom_1550590277081{background-color: #ffffff !important;}&#8221;][vc_column_inner][vc_custom_heading text=&#8221;NatiPharma&#8221; font_container=&#8221;tag:h3|font_size:48|text_align:center&#8221; use_theme_fonts=&#8221;yes&#8221; el_class=&#8221;font-weight-300&#8243;][vc_custom_heading text=&#8221;Sekreti p\u00ebr nj\u00eb l\u00ebkur\u00eb t\u00eb sh\u00ebndetshme fshihet vet\u00ebm n\u00eb formulat tona dhe vjen tek ju leht\u00ebsisht n\u00ebn logon e NatiPharma.&#8221; font_container=&#8221;tag:p|font_size:18|text_align:center&#8221; use_theme_fonts=&#8221;yes&#8221;][vc_single_image image=&#8221;1132&#8243; img_size=&#8221;full&#8221; alignment=&#8221;center&#8221;][\/vc_column_inner][\/vc_row_inner][\/vc_column][vc_column width=&#8221;1\/2&#8243; offset=&#8221;vc_col-lg-4&#8243;][\/vc_column][\/vc_row][vc_row gap=&#8221;35&#8243;][vc_column width=&#8221;1\/12&#8243; offset=&#8221;vc_hidden-md vc_hidden-sm vc_hidden-xs&#8221;][\/vc_column][vc_column width=&#8221;1\/2&#8243; offset=&#8221;vc_col-lg-5&#8243;][vc_column_text el_class=&#8221;p-has-drop-cap&#8221;]NatiPharma \u00ebsht\u00eb nj\u00eb entitet farmaceutik q\u00eb p\u00ebrfshin n\u00eb funksionalitetin e vet mbulimin e plot\u00eb t\u00eb tregut farmaceutik me medikamente t\u00eb ndryshme n\u00eb luft\u00ebn kund\u00ebr patologjive t\u00eb shum\u00ebllojshme dhe jo vet\u00ebm.<br \/>\nE krijuar n\u00eb shtator t\u00eb vitit 2015 dhe e konceptuar nga Natasha Lushi farmaciste e diplomuar n\u00eb master shkencor n\u00eb Farmaci u synua q\u00eb nj\u00eb rol kryesor krahas pun\u00ebs tradicionale n\u00eb fush\u00ebn farmaceutike ti kushtohej dhe p\u00ebrgatesave dermaceutike p\u00ebr problemet e ndryshme ai ato t\u00eb lekur\u00ebs etj.<br \/>\nMe pesh\u00eb n\u00eb farmaceutik\u00eb por e l\u00ebn\u00eb n\u00eb harres\u00eb deri n\u00eb ato vite. Ky sektor p\u00ebrfshin nj\u00eb t\u00ebr\u00ebsi sh\u00ebrbimesh duke filluar nga trajtimi i patologjive t\u00eb l\u00ebkur\u00ebs p\u00ebr tu theksuar trajtimi i akneve, trajtimi i psoriasis, alopecia (r\u00ebnia e flokut), djegiet e l\u00ebkur\u00ebs, strijat, celulitin e deri tek kujdesi personal (kozmetika) ku p\u00ebrmendim lifting kozmetik, ushqyes dhe hidratant, mbrojtjen ndaj diellit, trajtimi i poreve t\u00eb zgjeruara t\u00eb l\u00ebkur\u00ebs, unifikues i ngjyr\u00ebs s\u00eb l\u00ebkur\u00ebs, p\u00ebrmir\u00ebsimi i tekstur\u00ebs s\u00eb fytyr\u00ebs etj.[\/vc_column_text][\/vc_column][vc_column width=&#8221;1\/2&#8243; offset=&#8221;vc_col-lg-5&#8243;][vc_column_text]Vlen t\u00eb theksohet q\u00eb t\u00eb gjitha trajtimet realizohen n\u00ebp\u00ebrmjet preparateve t\u00eb p\u00ebrgatitura nga NatiPharma n\u00eb p\u00ebrb\u00ebrje t\u00eb t\u00eb cilave ka elemente q\u00eb p\u00ebrshtaten me tipologjin\u00eb e l\u00ebkur\u00ebs s\u00eb pacientit apo llojit t\u00eb problematik\u00ebs.<br \/>\nGjithashtu l\u00ebnd\u00ebt e para me t\u00eb cilat sintetizohen k\u00ebto preparate jan\u00eb t\u00eb \u00e7ertifikuara nga CE (Komiteti Europian). NatiPharma lindur p\u00ebr t\u00eb dh\u00ebn\u00eb nj\u00eb kontribut t\u00eb fuqish\u00ebm n\u00eb sh\u00ebrbimin farmaceutik dhe sh\u00ebrbimin sh\u00ebndet\u00ebsor t\u00eb popullat\u00ebs n\u00eb t\u00ebr\u00ebsi nd\u00ebrkoh\u00eb gjat\u00eb zhvillimit t\u00eb saj arrin t\u00eb ket\u00eb rezultate t\u00eb shumta t\u00eb suksesshme n\u00eb p\u00ebrmir\u00ebsimin e cil\u00ebsis\u00eb s\u00eb jet\u00ebs, gj\u00eb q\u00eb e shnd\u00ebrroi n\u00eb mision pun\u00ebn e palodhur dhe si rezultat tanim\u00eb NatiPharma \u00ebsht\u00eb mark\u00eb e rregjistruar komb\u00ebtare dhe nd\u00ebrkomb\u00ebtare.<br \/>\n[\/vc_column_text][\/vc_column][vc_column width=&#8221;1\/12&#8243; offset=&#8221;vc_hidden-md vc_hidden-sm vc_hidden-xs&#8221;][\/vc_column][\/vc_row][vc_row css=&#8221;.vc_custom_1550570204648{background-image: url(http:\/\/themes.wclassic.net\/skyla\/wp-content\/uploads\/2019-import\/02\/title-bg.png?id=275) !important;background-position: 0 0 !important;background-repeat: no-repeat !important;}&#8221; el_class=&#8221;wpb_row_background-center-top&#8221;][vc_column width=&#8221;1\/6&#8243;][\/vc_column][vc_column width=&#8221;2\/3&#8243;][vc_custom_heading text=&#8221;<i>&#8220;Inspirimi im jeni ju. Misioni im \u00ebsht\u00eb t\u00eb p\u00ebrmbush k\u00ebrkesat p\u00ebr ata q\u00eb m\u00eb dhurojn\u00eb besim&#8220;<\/i>&#8221; font_container=&#8221;tag:h3|font_size:36|text_align:center&#8221; use_theme_fonts=&#8221;yes&#8221;][vc_custom_heading text=&#8221;<i>Natasha Lushi, Themeluese<\/i>&#8221; font_container=&#8221;tag:p|font_size:18|text_align:center|color:%236da84a&#8221; use_theme_fonts=&#8221;yes&#8221; css=&#8221;.vc_custom_1609183230529{margin-bottom: 30px !important;}&#8221;][\/vc_column][vc_column width=&#8221;1\/6&#8243;][\/vc_column][\/vc_row][vc_row][vc_column][vc_empty_space height=&#8221;50px&#8221;][vc_custom_heading text=&#8221;Partner\u00ebt&#8221; font_container=&#8221;tag:h4|font_size:36px|text_align:center&#8221; use_theme_fonts=&#8221;yes&#8221; css=&#8221;.vc_custom_1601889397500{margin-bottom: 60px !important;}&#8221;][vc_row_inner equal_height=&#8221;yes&#8221; content_placement=&#8221;top&#8221;][vc_column_inner width=&#8221;1\/3&#8243;][vc_single_image image=&#8221;1054&#8243; img_size=&#8221;medium&#8221; alignment=&#8221;center&#8221; onclick=&#8221;custom_link&#8221; link=&#8221;#&#8221;][\/vc_column_inner][vc_column_inner width=&#8221;1\/3&#8243;][vc_single_image image=&#8221;1386&#8243; img_size=&#8221;medium&#8221; alignment=&#8221;center&#8221; onclick=&#8221;custom_link&#8221; link=&#8221;https:\/\/www.florfarma.com\/al\/&#8221;][\/vc_column_inner][vc_column_inner width=&#8221;1\/3&#8243;][vc_single_image image=&#8221;1056&#8243; img_size=&#8221;medium&#8221; alignment=&#8221;center&#8221; onclick=&#8221;custom_link&#8221; link=&#8221;https:\/\/www.codeit.al&#8221;][\/vc_column_inner][\/vc_row_inner][vc_empty_space height=&#8221;50px&#8221;][\/vc_column][\/vc_row][vc_row css=&#8221;.vc_custom_1550587171718{margin-bottom: 80px !important;}&#8221;][vc_column][vc_custom_heading text=&#8221;We are on Instagram @natipharma&#8221; font_container=&#8221;tag:h3|text_align:center&#8221; use_theme_fonts=&#8221;yes&#8221; css=&#8221;.vc_custom_1613665852184{margin-bottom: 60px !important;}&#8221;][vc_raw_html]JTVCaW5zdGFncmFtLWZlZWQlMjBzaG93aGVhZGVyJTNEZmFsc2UlMjBudW0lM0Q0JTIwY29scyUzRDQlMjBpbWFnZXBhZGRpbmclM0QwJTVE[\/vc_raw_html][\/vc_column][\/vc_row]<\/p>\n","protected":false},"excerpt":{"rendered":"<p>[vc_row full_width=&#8221;stretch_row&#8221; css=&#8221;.vc_custom_1708372071429{margin-bottom: 30px !important;padding-top: 125px !important;padding-bottom: 160px !important;background-position: center !important;background-repeat: no-repeat !important;background-size: cover !important;}&#8221;][vc_column width=&#8221;1\/4&#8243; offset=&#8221;vc_col-lg-4&#8243;][\/vc_column][vc_column width=&#8221;1\/4&#8243; offset=&#8221;vc_col-lg-4&#8243;][vc_row_inner css=&#8221;.vc_custom_1550590277081{background-color: #ffffff !important;}&#8221;][vc_column_inner][vc_custom_heading text=&#8221;NatiPharma&#8221; font_container=&#8221;tag:h3|font_size:48|text_align:center&#8221; use_theme_fonts=&#8221;yes&#8221; el_class=&#8221;font-weight-300&#8243;][vc_custom_heading text=&#8221;Sekreti p\u00ebr nj\u00eb l\u00ebkur\u00eb t\u00eb sh\u00ebndetshme fshihet vet\u00ebm n\u00eb formulat tona dhe vjen tek ju leht\u00ebsisht n\u00ebn logon e NatiPharma.&#8221; font_container=&#8221;tag:p|font_size:18|text_align:center&#8221; use_theme_fonts=&#8221;yes&#8221;][vc_single_image image=&#8221;1132&#8243; img_size=&#8221;full&#8221; alignment=&#8221;center&#8221;][\/vc_column_inner][\/vc_row_inner][\/vc_column][vc_column width=&#8221;1\/2&#8243; offset=&#8221;vc_col-lg-4&#8243;][\/vc_column][\/vc_row][vc_row gap=&#8221;35&#8243;][vc_column width=&#8221;1\/12&#8243; [&hellip;]<\/p>\n","protected":false},"author":1,"featured_media":0,"parent":0,"menu_order":0,"comment_status":"closed","ping_status":"closed","template":"","meta":{"footnotes":""},"class_list":["post-674","page","type-page","status-publish","hentry","wpisset-post"],"_links":{"self":[{"href":"https:\/\/natipharma.com\/sq\/wp-json\/wp\/v2\/pages\/674","targetHints":{"allow":["GET"]}}],"collection":[{"href":"https:\/\/natipharma.com\/sq\/wp-json\/wp\/v2\/pages"}],"about":[{"href":"https:\/\/natipharma.com\/sq\/wp-json\/wp\/v2\/types\/page"}],"author":[{"embeddable":true,"href":"https:\/\/natipharma.com\/sq\/wp-json\/wp\/v2\/users\/1"}],"replies":[{"embeddable":true,"href":"https:\/\/natipharma.com\/sq\/wp-json\/wp\/v2\/comments?post=674"}],"version-history":[{"count":74,"href":"https:\/\/natipharma.com\/sq\/wp-json\/wp\/v2\/pages\/674\/revisions"}],"predecessor-version":[{"id":1910,"href":"https:\/\/natipharma.com\/sq\/wp-json\/wp\/v2\/pages\/674\/revisions\/1910"}],"wp:attachment":[{"href":"https:\/\/natipharma.com\/sq\/wp-json\/wp\/v2\/media?parent=674"}],"curies":[{"name":"wp","href":"https:\/\/api.w.org\/{rel}","templated":true}]}}