{"id":1567,"date":"2022-01-24T15:18:43","date_gmt":"2022-01-24T15:18:43","guid":{"rendered":"https:\/\/natipharma.com\/?post_type=product&#038;p=1567"},"modified":"2023-11-25T00:00:48","modified_gmt":"2023-11-25T00:00:48","slug":"sos-serum","status":"publish","type":"product","link":"https:\/\/natipharma.com\/sq\/product\/sos-serum\/","title":{"rendered":"SOS Serum"},"content":{"rendered":"","protected":false},"excerpt":{"rendered":"<p>I ideuar p\u00ebr t\u00eb vepruar shpejt mbi akne.<br \/>\nI formuluar me acid salicilik, sulfur dhe okzid zinku.<br \/>\nEfekt brenda 7 or\u00ebsh<br \/>\nAbsorbim i menj\u00ebhersh\u00ebm<br \/>\nMund t\u00eb p\u00ebrdoret nga mosha 12 vjec.<\/p>\n<p><strong>Perdorimi:<\/strong> N\u00eb l\u00ebkur\u00eb t\u00eb past\u00ebr, aplikoni nj\u00eb sasi produkti mbi zon\u00ebn e nevojshme dhe l\u00ebreni t\u00eb veproj\u00eb. Mos e masazhoni<\/p>\n<p><strong>Ingredients:<\/strong> Isopropyl alcohol, acqua destillatae, sulfur precipitate, panthenol, zinc oxide, menthol, carbomere, salicilik acid, ascorbic acid, cosgard.<\/p>\n","protected":false},"featured_media":1847,"comment_status":"open","ping_status":"closed","template":"","meta":[],"product_brand":[],"product_cat":[60],"product_tag":[],"class_list":{"0":"post-1567","1":"product","2":"type-product","3":"status-publish","4":"has-post-thumbnail","6":"product_cat-special-edition","7":"wpisset-post","8":"wpisset-post-featured","9":"wpisset-woo-has-gallery","11":"first","12":"instock","13":"taxable","14":"shipping-taxable","15":"purchasable","16":"product-type-simple"},"_links":{"self":[{"href":"https:\/\/natipharma.com\/sq\/wp-json\/wp\/v2\/product\/1567","targetHints":{"allow":["GET"]}}],"collection":[{"href":"https:\/\/natipharma.com\/sq\/wp-json\/wp\/v2\/product"}],"about":[{"href":"https:\/\/natipharma.com\/sq\/wp-json\/wp\/v2\/types\/product"}],"replies":[{"embeddable":true,"href":"https:\/\/natipharma.com\/sq\/wp-json\/wp\/v2\/comments?post=1567"}],"wp:featuredmedia":[{"embeddable":true,"href":"https:\/\/natipharma.com\/sq\/wp-json\/wp\/v2\/media\/1847"}],"wp:attachment":[{"href":"https:\/\/natipharma.com\/sq\/wp-json\/wp\/v2\/media?parent=1567"}],"wp:term":[{"taxonomy":"product_brand","embeddable":true,"href":"https:\/\/natipharma.com\/sq\/wp-json\/wp\/v2\/product_brand?post=1567"},{"taxonomy":"product_cat","embeddable":true,"href":"https:\/\/natipharma.com\/sq\/wp-json\/wp\/v2\/product_cat?post=1567"},{"taxonomy":"product_tag","embeddable":true,"href":"https:\/\/natipharma.com\/sq\/wp-json\/wp\/v2\/product_tag?post=1567"}],"curies":[{"name":"wp","href":"https:\/\/api.w.org\/{rel}","templated":true}]}}