{"id":1569,"date":"2022-01-24T15:27:33","date_gmt":"2022-01-24T15:27:33","guid":{"rendered":"https:\/\/natipharma.com\/sq\/?post_type=product&#038;p=1569"},"modified":"2025-05-15T09:10:11","modified_gmt":"2025-05-15T09:10:11","slug":"anti-acne-face-cream","status":"publish","type":"product","link":"https:\/\/natipharma.com\/sq\/product\/anti-acne-face-cream\/","title":{"rendered":"Anti Acne Face Cream"},"content":{"rendered":"","protected":false},"excerpt":{"rendered":"<p>P\u00ebr l\u00ebkura t\u00ebndyrshme t\u00eb prirura drejt akneve 1.01 fl.oz<\/p>\n<p>Oksid ziku q\u00eb ofron nj\u00eb mbrojtje t\u00eb leht\u00eb ndaj rrezatimeve UVA\/UVB<br \/>\nVeprim matifikues afatgjat\u00eb<br \/>\nRedukton prodhimin e sebumit<br \/>\nEfekt antibakterial dhe keratolitik<br \/>\nRedukton t\u00eb skuqur\u00ebn dhe inflamacionin<br \/>\nVepron mir\u00eb ndaj akneve t\u00eb inflamuara dhe ndaj rosacea.<br \/>\nEfekt hidratues<\/p>\n<p><strong>P\u00ebrdorimi:<\/strong> 1 deri 2 her\u00eb n\u00eb dit\u00eb n\u00eb l\u00ebkur\u00eb t\u00eb past\u00ebr. Masazhojeni leht\u00ebsisht. Mos e p\u00ebrdorni n\u00eb zon\u00ebn posht\u00eb syve.<\/p>\n<p>Ruajtja n\u00eb vende t\u00eb thata larg drit\u00ebs<\/p>\n<p><strong>Ingredients:<\/strong> Acqua Destillatae, petrolatum, propyleneglycol, Caprylyl\/Capric triglycerides, Cetearyl Alcohol, Zinc oxide, salicilik acid, Polisorbate 20, boric acid, chamomillae matricaria oil, niacinamide, folic acid, sodium benzoate, potassium sorbate, citric acid.<\/p>\n","protected":false},"featured_media":1699,"comment_status":"open","ping_status":"closed","template":"","meta":[],"product_brand":[],"product_cat":[65,62],"product_tag":[],"class_list":{"0":"post-1569","1":"product","2":"type-product","3":"status-publish","4":"has-post-thumbnail","6":"product_cat-acne-treatment","7":"product_cat-skin-care","8":"wpisset-post","9":"wpisset-post-featured","10":"wpisset-woo-has-gallery","12":"first","13":"instock","14":"taxable","15":"shipping-taxable","16":"purchasable","17":"product-type-simple"},"_links":{"self":[{"href":"https:\/\/natipharma.com\/sq\/wp-json\/wp\/v2\/product\/1569","targetHints":{"allow":["GET"]}}],"collection":[{"href":"https:\/\/natipharma.com\/sq\/wp-json\/wp\/v2\/product"}],"about":[{"href":"https:\/\/natipharma.com\/sq\/wp-json\/wp\/v2\/types\/product"}],"replies":[{"embeddable":true,"href":"https:\/\/natipharma.com\/sq\/wp-json\/wp\/v2\/comments?post=1569"}],"wp:featuredmedia":[{"embeddable":true,"href":"https:\/\/natipharma.com\/sq\/wp-json\/wp\/v2\/media\/1699"}],"wp:attachment":[{"href":"https:\/\/natipharma.com\/sq\/wp-json\/wp\/v2\/media?parent=1569"}],"wp:term":[{"taxonomy":"product_brand","embeddable":true,"href":"https:\/\/natipharma.com\/sq\/wp-json\/wp\/v2\/product_brand?post=1569"},{"taxonomy":"product_cat","embeddable":true,"href":"https:\/\/natipharma.com\/sq\/wp-json\/wp\/v2\/product_cat?post=1569"},{"taxonomy":"product_tag","embeddable":true,"href":"https:\/\/natipharma.com\/sq\/wp-json\/wp\/v2\/product_tag?post=1569"}],"curies":[{"name":"wp","href":"https:\/\/api.w.org\/{rel}","templated":true}]}}