{"id":1570,"date":"2022-01-24T15:30:00","date_gmt":"2022-01-24T15:30:00","guid":{"rendered":"https:\/\/natipharma.com\/sq\/?post_type=product&#038;p=1570"},"modified":"2023-11-25T00:00:48","modified_gmt":"2023-11-25T00:00:48","slug":"jolie-19-cream","status":"publish","type":"product","link":"https:\/\/natipharma.com\/sq\/product\/jolie-19-cream\/","title":{"rendered":"Jolie 19&#039; krem"},"content":{"rendered":"","protected":false},"excerpt":{"rendered":"<p>1.01 fl.oz<\/p>\n<p>Glycolic acid<br \/>\nTartaric acid<br \/>\nSalicilik acid<\/p>\n<p>Veprim anti-rrudh\u00eb<br \/>\nMbrojtje ndaj radikaleve t\u00eb lira.<br \/>\nTextur\u00eb e leht\u00eb cream-gel<br \/>\nHidratim i thell\u00eb<br \/>\nNxit mikroqarkullimin duke promovuar prodhimin e kolagjenit<br \/>\nDyfishon shk\u00eblqimin e l\u00ebkur\u00ebs<br \/>\nRedukton prodhimin e sebumit<br \/>\nEfekt i menj\u00ebhersh\u00ebm<br \/>\nRekomandohet t\u00eb p\u00ebrdoret mbi +20 vjec<\/p>\n<p><strong>P\u00ebrdorimi:<\/strong> N\u00eb dark\u00eb n\u00eb l\u00ebkur\u00eb t\u00eb past\u00ebr. Evitoni p\u00ebrdorimin n\u00eb zon\u00ebn posht\u00eb syve.<\/p>\n<p><strong>Ingredients:<\/strong> Acqua Destillatae, Glycerin Vegetale, Cetearyl Alcohol, Glycolic Acid, Glyceryl Stearate, tartaric acid, Caprylyl Glycol, Allantoin, Xanthan Gum, Titanium Dioxide, Carbomere, Hydrolyzed Collagene, Chamomillae Matricaria Extract, Cosgard, Citric Acid.<\/p>\n","protected":false},"featured_media":1756,"comment_status":"open","ping_status":"closed","template":"","meta":[],"product_brand":[],"product_cat":[62],"product_tag":[],"class_list":{"0":"post-1570","1":"product","2":"type-product","3":"status-publish","4":"has-post-thumbnail","6":"product_cat-skin-care","7":"wpisset-post","8":"wpisset-post-featured","9":"wpisset-woo-has-gallery","11":"first","12":"instock","13":"taxable","14":"shipping-taxable","15":"purchasable","16":"product-type-simple"},"_links":{"self":[{"href":"https:\/\/natipharma.com\/sq\/wp-json\/wp\/v2\/product\/1570","targetHints":{"allow":["GET"]}}],"collection":[{"href":"https:\/\/natipharma.com\/sq\/wp-json\/wp\/v2\/product"}],"about":[{"href":"https:\/\/natipharma.com\/sq\/wp-json\/wp\/v2\/types\/product"}],"replies":[{"embeddable":true,"href":"https:\/\/natipharma.com\/sq\/wp-json\/wp\/v2\/comments?post=1570"}],"wp:featuredmedia":[{"embeddable":true,"href":"https:\/\/natipharma.com\/sq\/wp-json\/wp\/v2\/media\/1756"}],"wp:attachment":[{"href":"https:\/\/natipharma.com\/sq\/wp-json\/wp\/v2\/media?parent=1570"}],"wp:term":[{"taxonomy":"product_brand","embeddable":true,"href":"https:\/\/natipharma.com\/sq\/wp-json\/wp\/v2\/product_brand?post=1570"},{"taxonomy":"product_cat","embeddable":true,"href":"https:\/\/natipharma.com\/sq\/wp-json\/wp\/v2\/product_cat?post=1570"},{"taxonomy":"product_tag","embeddable":true,"href":"https:\/\/natipharma.com\/sq\/wp-json\/wp\/v2\/product_tag?post=1570"}],"curies":[{"name":"wp","href":"https:\/\/api.w.org\/{rel}","templated":true}]}}