{"id":1579,"date":"2022-01-25T17:19:56","date_gmt":"2022-01-25T17:19:56","guid":{"rendered":"https:\/\/natipharma.com\/sq\/?post_type=product&#038;p=1579"},"modified":"2023-11-25T00:00:48","modified_gmt":"2023-11-25T00:00:48","slug":"intensive-whitening-serum","status":"publish","type":"product","link":"https:\/\/natipharma.com\/sq\/product\/intensive-whitening-serum\/","title":{"rendered":"Intensive Whitening Serum"},"content":{"rendered":"","protected":false},"excerpt":{"rendered":"<p>Tekstur\u00eb xhel krem leht\u00ebsisht e absorbueshme<br \/>\n15.8% ingredient\u00eb aktive<br \/>\nNdihmon n\u00eb zbehjen e njollave duke parandaluar prodhimin e tirosin\u00ebs.<br \/>\nVitamin\u00eb C, Acid kojic dhe vitamina PP.<br \/>\nIndikohet n\u00eb njollat e shkaktuara nga dielli, njollat e mosh\u00ebs dhe post-acne<br \/>\nEfekt antioxidant<br \/>\nUniformizon ngjyr\u00ebn e lekur\u00ebs<\/p>\n<p><strong>P\u00ebrdorimi:<\/strong> N\u00eb m\u00ebngjes dhe n\u00eb dark\u00eb aplikohet n\u00eb l\u00ebkur\u00eb t\u00eb past\u00ebr duke u tamponuar leht\u00ebsisht.<\/p>\n<p>Ruajtja n\u00eb ambient t\u00eb err\u00ebt n\u00ebn 25\u00b0C<\/p>\n<p><strong>Ingredients:<\/strong> acqua destillatae, glycerine vegetale, propyleneglycol, 3-O-ethyl ascorbic acid, niacinamide, caprylic\/capric triglyceride, chamomillae matricae extract, citrus lemon fruit extract, glycolic acid, kojic acid, vitamina pp, xanthan gum, boric acid, sodium benzoate, potassium sorbate, citric acid.<\/p>\n","protected":false},"featured_media":1758,"comment_status":"open","ping_status":"closed","template":"","meta":[],"product_brand":[],"product_cat":[62],"product_tag":[],"class_list":{"0":"post-1579","1":"product","2":"type-product","3":"status-publish","4":"has-post-thumbnail","6":"product_cat-skin-care","7":"wpisset-post","8":"wpisset-post-featured","10":"first","11":"instock","12":"taxable","13":"shipping-taxable","14":"purchasable","15":"product-type-simple"},"_links":{"self":[{"href":"https:\/\/natipharma.com\/sq\/wp-json\/wp\/v2\/product\/1579","targetHints":{"allow":["GET"]}}],"collection":[{"href":"https:\/\/natipharma.com\/sq\/wp-json\/wp\/v2\/product"}],"about":[{"href":"https:\/\/natipharma.com\/sq\/wp-json\/wp\/v2\/types\/product"}],"replies":[{"embeddable":true,"href":"https:\/\/natipharma.com\/sq\/wp-json\/wp\/v2\/comments?post=1579"}],"wp:featuredmedia":[{"embeddable":true,"href":"https:\/\/natipharma.com\/sq\/wp-json\/wp\/v2\/media\/1758"}],"wp:attachment":[{"href":"https:\/\/natipharma.com\/sq\/wp-json\/wp\/v2\/media?parent=1579"}],"wp:term":[{"taxonomy":"product_brand","embeddable":true,"href":"https:\/\/natipharma.com\/sq\/wp-json\/wp\/v2\/product_brand?post=1579"},{"taxonomy":"product_cat","embeddable":true,"href":"https:\/\/natipharma.com\/sq\/wp-json\/wp\/v2\/product_cat?post=1579"},{"taxonomy":"product_tag","embeddable":true,"href":"https:\/\/natipharma.com\/sq\/wp-json\/wp\/v2\/product_tag?post=1579"}],"curies":[{"name":"wp","href":"https:\/\/api.w.org\/{rel}","templated":true}]}}