{"id":1587,"date":"2022-02-17T12:15:27","date_gmt":"2022-02-17T12:15:27","guid":{"rendered":"https:\/\/natipharma.com\/?post_type=product&#038;p=1587"},"modified":"2023-11-25T00:00:48","modified_gmt":"2023-11-25T00:00:48","slug":"cleansing-mousse","status":"publish","type":"product","link":"https:\/\/natipharma.com\/sq\/product\/cleansing-mousse\/","title":{"rendered":"Cleansing Mousse"},"content":{"rendered":"","protected":false},"excerpt":{"rendered":"<p>Shkuma lar\u00ebse 5.07 fl.Oz<br \/>\nP\u00ebrdoret p\u00ebr t\u00eb gjitha llojet e l\u00ebkur\u00ebs duke p\u00ebrfshir\u00eb edhe ato t\u00eb ndjeshme<\/p>\n<p>Efekt i leht\u00eb\u00a0keratolitik<br \/>\nP\u00ebrdorim i p\u00ebrditsh\u00ebm<br \/>\nEfekt antioksidant fal\u00eb ekstraktit t\u00eb Alchemilla Vulgaris<\/p>\n<p>I p\u00ebrshtatsh\u00ebm p\u00ebr cdo tipologji l\u00ebkure, p\u00ebrfshir\u00eb dhe l\u00ebkurat sensitive<br \/>\nPastrues perfekt make up-i<br \/>\nEfekt hidratues dhe zbut\u00ebs<br \/>\nI p\u00ebrshtatsh\u00ebm dhe p\u00ebr l\u00ebkura atropine.<\/p>\n<p><strong>P\u00ebrdorimi:<\/strong> Aplikohet n\u00eb m\u00ebngjes dhe n\u00eb dark\u00eb n\u00eb l\u00ebkur\u00eb t\u00eb lagur paraprakisht.<br \/>\nMasazhohet dhe shp\u00ebrlahet me uj\u00eb t\u00eb bollsh\u00ebm<\/p>\n<p><strong>Ingredients:<\/strong> acqua destillatae, cocamidopropyl betaine, coco glycoside, disodium laureate suffosuccinate, glycerine, urea,boric acid, allantoina, panthenol, caffeina anhidra, citrus aurantium dulsis oil, sodium benzoate, potassium sorbate, citric acid<\/p>\n","protected":false},"featured_media":1762,"comment_status":"open","ping_status":"closed","template":"","meta":[],"product_brand":[],"product_cat":[62],"product_tag":[],"class_list":{"0":"post-1587","1":"product","2":"type-product","3":"status-publish","4":"has-post-thumbnail","6":"product_cat-skin-care","7":"wpisset-post","8":"wpisset-post-featured","10":"first","11":"instock","12":"taxable","13":"shipping-taxable","14":"purchasable","15":"product-type-simple"},"_links":{"self":[{"href":"https:\/\/natipharma.com\/sq\/wp-json\/wp\/v2\/product\/1587","targetHints":{"allow":["GET"]}}],"collection":[{"href":"https:\/\/natipharma.com\/sq\/wp-json\/wp\/v2\/product"}],"about":[{"href":"https:\/\/natipharma.com\/sq\/wp-json\/wp\/v2\/types\/product"}],"replies":[{"embeddable":true,"href":"https:\/\/natipharma.com\/sq\/wp-json\/wp\/v2\/comments?post=1587"}],"wp:featuredmedia":[{"embeddable":true,"href":"https:\/\/natipharma.com\/sq\/wp-json\/wp\/v2\/media\/1762"}],"wp:attachment":[{"href":"https:\/\/natipharma.com\/sq\/wp-json\/wp\/v2\/media?parent=1587"}],"wp:term":[{"taxonomy":"product_brand","embeddable":true,"href":"https:\/\/natipharma.com\/sq\/wp-json\/wp\/v2\/product_brand?post=1587"},{"taxonomy":"product_cat","embeddable":true,"href":"https:\/\/natipharma.com\/sq\/wp-json\/wp\/v2\/product_cat?post=1587"},{"taxonomy":"product_tag","embeddable":true,"href":"https:\/\/natipharma.com\/sq\/wp-json\/wp\/v2\/product_tag?post=1587"}],"curies":[{"name":"wp","href":"https:\/\/api.w.org\/{rel}","templated":true}]}}