{"id":1590,"date":"2022-02-17T15:00:04","date_gmt":"2022-02-17T15:00:04","guid":{"rendered":"https:\/\/natipharma.com\/sq\/?post_type=product&#038;p=1590"},"modified":"2023-11-25T00:00:48","modified_gmt":"2023-11-25T00:00:48","slug":"6-elements-face-cream","status":"publish","type":"product","link":"https:\/\/natipharma.com\/sq\/product\/6-elements-face-cream\/","title":{"rendered":"Krem p\u00ebr fytyr\u00ebn 6 elements"},"content":{"rendered":"","protected":false},"excerpt":{"rendered":"<p>Nj\u00eb krem q\u00eb i ka t\u00eb kombinuar t\u00eb gjith\u00eb p\u00ebrb\u00ebr\u00ebsit q\u00eb i duhen l\u00ebkur\u00ebs t\u00ebnde!\ud83c\udf40\ud83e\udd70<\/p>\n<p>\u23f3Aplikimi: 2 her\u00eb n\u00eb dit\u00eb pasi lani fytyr\u00ebn; Masazhoni leht\u00ebsisht\u2063<br \/>\n\u26a0\ufe0fP\u00ebr grupmosh\u00ebn mbi 25 vje\u00e7\u2063<\/p>\n","protected":false},"featured_media":1778,"comment_status":"open","ping_status":"closed","template":"","meta":[],"product_brand":[],"product_cat":[62],"product_tag":[],"class_list":{"0":"post-1590","1":"product","2":"type-product","3":"status-publish","4":"has-post-thumbnail","6":"product_cat-skin-care","7":"wpisset-post","8":"wpisset-post-featured","9":"wpisset-woo-has-gallery","11":"first","12":"instock","13":"taxable","14":"shipping-taxable","15":"purchasable","16":"product-type-simple"},"_links":{"self":[{"href":"https:\/\/natipharma.com\/sq\/wp-json\/wp\/v2\/product\/1590","targetHints":{"allow":["GET"]}}],"collection":[{"href":"https:\/\/natipharma.com\/sq\/wp-json\/wp\/v2\/product"}],"about":[{"href":"https:\/\/natipharma.com\/sq\/wp-json\/wp\/v2\/types\/product"}],"replies":[{"embeddable":true,"href":"https:\/\/natipharma.com\/sq\/wp-json\/wp\/v2\/comments?post=1590"}],"wp:featuredmedia":[{"embeddable":true,"href":"https:\/\/natipharma.com\/sq\/wp-json\/wp\/v2\/media\/1778"}],"wp:attachment":[{"href":"https:\/\/natipharma.com\/sq\/wp-json\/wp\/v2\/media?parent=1590"}],"wp:term":[{"taxonomy":"product_brand","embeddable":true,"href":"https:\/\/natipharma.com\/sq\/wp-json\/wp\/v2\/product_brand?post=1590"},{"taxonomy":"product_cat","embeddable":true,"href":"https:\/\/natipharma.com\/sq\/wp-json\/wp\/v2\/product_cat?post=1590"},{"taxonomy":"product_tag","embeddable":true,"href":"https:\/\/natipharma.com\/sq\/wp-json\/wp\/v2\/product_tag?post=1590"}],"curies":[{"name":"wp","href":"https:\/\/api.w.org\/{rel}","templated":true}]}}