{"id":172,"date":"2019-02-01T14:51:46","date_gmt":"2019-02-01T14:51:46","guid":{"rendered":"http:\/\/localhost:8888\/skyla\/?post_type=product&#038;p=172"},"modified":"2023-10-02T20:17:31","modified_gmt":"2023-10-02T20:17:31","slug":"solablock-spf-50","status":"publish","type":"product","link":"https:\/\/natipharma.com\/sq\/product\/solablock-spf-50\/","title":{"rendered":"SolaBlock SPF 50+"},"content":{"rendered":"<p>[vc_row][vc_column][vc_column_text]* Filtra fizik<\/p>\n<p>* Formul\u00eb inovatore me mbrojtje maksimale t\u00eb l\u00ebkur\u00ebs<\/p>\n<p>* Rezistente ndaj ujit<\/p>\n<p>* Pa konservues<\/p>\n<p>* Jo komodogjenik<\/p>\n<p>* I p\u00ebrshtatsh\u00ebm p\u00ebr l\u00ebkura t\u00eb ndjeshme<\/p>\n<p>* Parandalon formimin e melasmave (njollave kafe)<\/p>\n<p>* Stopon fotono plakjen &#8211; plakjen nga dielli<\/p>\n<p>* Efekt anti yndyror<\/p>\n<p><strong>P\u00ebrb\u00ebr\u00ebs aktiv:<\/strong> Dioksid Titaniumi, Oksid Zinku<\/p>\n<p><strong>Aplikimi:<\/strong> P\u00ebrdoreni 15 minuta para se t\u00eb ekspoheni n\u00eb diell[\/vc_column_text][\/vc_column][\/vc_row]<\/p>\n","protected":false},"excerpt":{"rendered":"<p>Krem p\u00ebr mbrojtjen ndaj diellit me SPF 50.<\/p>\n<p>&nbsp;<\/p>\n","protected":false},"featured_media":1753,"comment_status":"open","ping_status":"closed","template":"","meta":[],"product_brand":[],"product_cat":[62],"product_tag":[39,51,55],"class_list":{"0":"post-172","1":"product","2":"type-product","3":"status-publish","4":"has-post-thumbnail","6":"product_cat-skin-care","7":"product_tag-bath-body","8":"product_tag-organic","9":"product_tag-soap","10":"wpisset-post","11":"wpisset-post-featured","13":"first","14":"outofstock","15":"taxable","16":"shipping-taxable","17":"purchasable","18":"product-type-simple"},"_links":{"self":[{"href":"https:\/\/natipharma.com\/sq\/wp-json\/wp\/v2\/product\/172","targetHints":{"allow":["GET"]}}],"collection":[{"href":"https:\/\/natipharma.com\/sq\/wp-json\/wp\/v2\/product"}],"about":[{"href":"https:\/\/natipharma.com\/sq\/wp-json\/wp\/v2\/types\/product"}],"replies":[{"embeddable":true,"href":"https:\/\/natipharma.com\/sq\/wp-json\/wp\/v2\/comments?post=172"}],"wp:featuredmedia":[{"embeddable":true,"href":"https:\/\/natipharma.com\/sq\/wp-json\/wp\/v2\/media\/1753"}],"wp:attachment":[{"href":"https:\/\/natipharma.com\/sq\/wp-json\/wp\/v2\/media?parent=172"}],"wp:term":[{"taxonomy":"product_brand","embeddable":true,"href":"https:\/\/natipharma.com\/sq\/wp-json\/wp\/v2\/product_brand?post=172"},{"taxonomy":"product_cat","embeddable":true,"href":"https:\/\/natipharma.com\/sq\/wp-json\/wp\/v2\/product_cat?post=172"},{"taxonomy":"product_tag","embeddable":true,"href":"https:\/\/natipharma.com\/sq\/wp-json\/wp\/v2\/product_tag?post=172"}],"curies":[{"name":"wp","href":"https:\/\/api.w.org\/{rel}","templated":true}]}}