{"id":235,"date":"2019-02-04T09:26:13","date_gmt":"2019-02-04T09:26:13","guid":{"rendered":"http:\/\/localhost:8888\/skyla\/?post_type=product&#038;p=235"},"modified":"2025-05-15T09:10:11","modified_gmt":"2025-05-15T09:10:11","slug":"maske-elixir","status":"publish","type":"product","link":"https:\/\/natipharma.com\/sq\/product\/maske-elixir\/","title":{"rendered":"Mask\u00eb Elixir"},"content":{"rendered":"","protected":false},"excerpt":{"rendered":"<p>I p\u00ebrshtatsh\u00ebm p\u00ebr l\u00ebkur\u00eb t\u00eb yndyrshme dhe mikse<br \/>\nZvog\u00eblon diametrin e poreve<br \/>\nRedukton prodhimin e sebumit<br \/>\nUl efektin e shk\u00eblqimit n\u00eb l\u00ebkur\u00eb<br \/>\nNdjesi freskie<br \/>\nMatifikues<\/p>\n<p><strong>P\u00ebrb\u00ebr\u00ebsit aktiv:<\/strong> Vitamin\u00eb PP, Caolin, Oksid Zinku, Menthol, Pomegranate Extract<\/p>\n<p><strong>Aplikimi:<\/strong> N\u00eb mbr\u00ebmje, mbahet 30 min, shp\u00ebrlajeni me uj\u00eb t\u00eb bollsh\u00ebm<\/p>\n","protected":false},"featured_media":1761,"comment_status":"open","ping_status":"closed","template":"","meta":[],"product_brand":[],"product_cat":[65,62],"product_tag":[],"class_list":{"0":"post-235","1":"product","2":"type-product","3":"status-publish","4":"has-post-thumbnail","6":"product_cat-acne-treatment","7":"product_cat-skin-care","8":"wpisset-post","9":"wpisset-post-featured","11":"first","12":"instock","13":"taxable","14":"shipping-taxable","15":"purchasable","16":"product-type-simple"},"_links":{"self":[{"href":"https:\/\/natipharma.com\/sq\/wp-json\/wp\/v2\/product\/235","targetHints":{"allow":["GET"]}}],"collection":[{"href":"https:\/\/natipharma.com\/sq\/wp-json\/wp\/v2\/product"}],"about":[{"href":"https:\/\/natipharma.com\/sq\/wp-json\/wp\/v2\/types\/product"}],"replies":[{"embeddable":true,"href":"https:\/\/natipharma.com\/sq\/wp-json\/wp\/v2\/comments?post=235"}],"wp:featuredmedia":[{"embeddable":true,"href":"https:\/\/natipharma.com\/sq\/wp-json\/wp\/v2\/media\/1761"}],"wp:attachment":[{"href":"https:\/\/natipharma.com\/sq\/wp-json\/wp\/v2\/media?parent=235"}],"wp:term":[{"taxonomy":"product_brand","embeddable":true,"href":"https:\/\/natipharma.com\/sq\/wp-json\/wp\/v2\/product_brand?post=235"},{"taxonomy":"product_cat","embeddable":true,"href":"https:\/\/natipharma.com\/sq\/wp-json\/wp\/v2\/product_cat?post=235"},{"taxonomy":"product_tag","embeddable":true,"href":"https:\/\/natipharma.com\/sq\/wp-json\/wp\/v2\/product_tag?post=235"}],"curies":[{"name":"wp","href":"https:\/\/api.w.org\/{rel}","templated":true}]}}